{"id":23,"date":"2016-12-28T15:26:53","date_gmt":"2016-12-28T14:26:53","guid":{"rendered":"http:\/\/fuehrlinger:8888\/?page_id=23"},"modified":"2023-12-27T21:06:22","modified_gmt":"2023-12-27T20:06:22","slug":"impressum","status":"publish","type":"page","link":"https:\/\/www.fuehrlinger.at\/orthopaedie\/impressum\/","title":{"rendered":"Impressum"},"content":{"rendered":"<div class=\"wpb-content-wrapper\"><p>[vc_row el_id=&#8220;topbackgroundwrap&#8220;][vc_column]\n\n<div class=\"topbackground\">\n\t<div class=\"fullscreen-bg\">\t\n\t\t\t\t\t\t\t\t<!-- Input Background Image -->\n\t\t\t\t<img src='https:\/\/www.fuehrlinger.at\/orthopaedie\/wp-content\/uploads\/2016\/12\/impressumback.png' class='fullscreen-bg__img'\/>\n\t\t\t\t\t\t\n\t<\/div> <!-- Close headslider div -->\n\n<\/div>\n[\/vc_column][\/vc_row][vc_row css_animation=&#8220;fadeInRight&#8220; el_class=&#8220;headline slimrow&#8220;][vc_column][vc_empty_space height=&#8220;120px&#8220; el_class=&#8220;mobilehide&#8220;][vc_column_text]<\/p>\n<h1 style=\"text-align: right;\">Impressum<\/h1>\n<p>[\/vc_column_text][vc_empty_space height=&#8220;90px&#8220; el_class=&#8220;mobilehide&#8220;][\/vc_column][\/vc_row][vc_row css_animation=&#8220;fadeInUp&#8220; el_class=&#8220;slimrow&#8220; css=&#8220;.vc_custom_1487602318494{background-color: #ffffff !important;}&#8220;][vc_column][vc_column_text]<\/p>\n<p class=\"bodytext\">Inhaber der Website und des Unternehmens: Klaus F\u00fchrlinger<\/p>\n<p>&nbsp;<\/p>\n<p>Adresse: Waxenberger Stra\u00dfe 1; 4181 Oberneukirchen<\/p>\n<p>&nbsp;<\/p>\n<p><strong>Rechnungsadresse:<\/strong><\/p>\n<p>Orthop\u00e4die-Schuhtechnik<\/p>\n<p>F\u00fchrlinger e. U.<\/p>\n<p>Waxenberger Stra\u00dfe 1<\/p>\n<p>4181 Oberneukirchen<\/p>\n<p>&nbsp;<\/p>\n<p class=\"bodytext\">Telefon: +43 7212 7481, Fax +43 7212 7481-4<\/p>\n<p>&nbsp;<\/p>\n<p class=\"bodytext\">eMail: <a class=\"mail\" title=\"Opens window for sending email\">ortho(at)fuehrlinger.at<\/a><\/p>\n<p>&nbsp;<\/p>\n<p class=\"bodytext\">Website: <a href=\"http:\/\/www.fuehrlinger.at\/\">www.fuehrlinger.at<\/a><\/p>\n<p>&nbsp;<\/p>\n<p><strong>UID Nummer:<\/strong> ATU80081206<\/p>\n<p>&nbsp;<\/p>\n<p><strong>Firmenbuch Nummer:<\/strong> FN 587096 b<\/p>\n<p>&nbsp;<\/p>\n<p>Alle Rechte vorbehalten.<\/p>\n<p>&nbsp;<\/p>\n<p><strong>Konzeption, Design und Programmierung<\/strong><\/p>\n<p class=\"bodytext\">Matthias D Gahleitner \/CREATION<br \/>\n<a href=\"http:\/\/www.m-d-g.at\">www.m-d-g.at<\/a><\/p>\n<p>&nbsp;<\/p>\n<p class=\"bodytext\"><strong>Information<\/strong><\/p>\n<p class=\"bodytext\">Die auf der Website verwendeten Texte, Bilder, Grafiken, Dateien usw. unterliegen dem Urheberrecht und anderen Gesetzen zum Schutz des geistigen Eigentums. Ihre Weitergabe, Ver\u00e4nderung, gewerbliche Nutzung oder Verwendung in anderen Websites oder Medien ist nicht gestattet. Hinweis gem\u00e4\u00df Teledienstgesetz: F\u00fcr Websites Dritter, auf die der Herausgeber durch sogenannte Links verweist, tragen die jeweiligen Anbieter die Verantwortung. Der Herausgeber ist f\u00fcr den Inhalt solcher Sites Dritter nicht verantwortlich. Des Weiteren kann die Website des Herausgebers ohne dessen Wissen von anderen Websites mittels sogenannter Links angelinkt werden. Der Herausgeber \u00fcbernimmt keine Verantwortung f\u00fcr Darstellungen, Inhalt oder irgendeine Verbindung zur Parteigliederung des Herausgebers in Websites Dritter. F\u00fcr fremde Inhalte ist der Herausgeber nur dann verantwortlich, wenn er von ihnen (d.h. auch von einem rechtswidrigen oder strafbaren Inhalt) positive Kenntnis hat und es dem Herausgeber technisch m\u00f6glich und zumutbar ist, deren Nutzung zu verhindern. Der Herausgeber ist nach dem Teledienstgesetz jedoch nicht verpflichtet, die fremden Inhalte st\u00e4ndig zu \u00fcberpr\u00fcfen.<\/p>\n<p>&nbsp;<\/p>\n<p><b>Haftungsausschluss<\/b><\/p>\n<p>&nbsp;<\/p>\n<p>1. Inhalt des Onlineangebotes<\/p>\n<p>&nbsp;<\/p>\n<p>Der Autor \u00fcbernimmt keinerlei Gew\u00e4hr f\u00fcr die Aktualit\u00e4t, Korrektheit, Vollst\u00e4ndigkeit oder Qualit\u00e4t der bereitgestellten Informationen. Haftungsanspr\u00fcche gegen den Autor, welche sich auf Sch\u00e4den materieller oder ideeller Art beziehen, die durch die Nutzung oder Nichtnutzung der dargebotenen Informationen bzw. durch die Nutzung fehlerhafter und unvollst\u00e4ndiger Informationen verursacht wurden, sind grunds\u00e4tzlich ausgeschlossen, sofern seitens des Autors kein nachweislich vors\u00e4tzliches oder grob fahrl\u00e4ssiges Verschulden vorliegt. Alle Angebote sind freibleibend und unverbindlich. Der Autor beh\u00e4lt es sich ausdr\u00fccklich vor, Teile der Seiten oder das gesamte Angebot ohne gesonderte Ank\u00fcndigung zu ver\u00e4ndern, zu erg\u00e4nzen, zu l\u00f6schen oder die Ver\u00f6ffentlichung zeitweise oder endg\u00fcltig einzustellen.<\/p>\n<p>&nbsp;<\/p>\n<p>2. Verweise und Links<\/p>\n<p>&nbsp;<\/p>\n<p>Bei direkten oder indirekten Verweisen auf fremde Internetseiten (&#8222;Links&#8220;), die au\u00dferhalb des Verantwortungsbereiches des Autors liegen, w\u00fcrde eine Haftungsverpflichtung ausschlie\u00dflich in dem Fall in Kraft treten, in dem der Autor von den Inhalten Kenntnis hat und es ihm technisch m\u00f6glich und zumutbar w\u00e4re, die Nutzung im Falle rechtswidriger Inhalte zu verhindern. Der Autor erkl\u00e4rt hiermit ausdr\u00fccklich, dass zum Zeitpunkt der Linksetzung keine illegalen Inhalte auf den zu verlinkenden Seiten erkennbar waren. Auf die aktuelle und zuk\u00fcnftige Gestaltung, die Inhalte oder die Urheberschaft der gelinkten\/verkn\u00fcpften Seiten hat der Autor keinerlei Einfluss. Deshalb distanziert er sich hiermit ausdr\u00fccklich von allen Inhalten aller gelinkten \/verkn\u00fcpften Seiten, die nach der Linksetzung ver\u00e4ndert wurden. Diese Feststellung gilt f\u00fcr alle innerhalb des eigenen Internetangebotes gesetzten Links und Verweise sowie f\u00fcr Fremdeintr\u00e4ge in vom Autor eingerichteten G\u00e4steb\u00fcchern, Diskussionsforen und Mailinglisten. F\u00fcr illegale, fehlerhafte oder unvollst\u00e4ndige Inhalte und insbesondere f\u00fcr Sch\u00e4den, die aus der Nutzung oder Nichtnutzung solcherart dargebotener Informationen entstehen, haftet allein der Anbieter der Seite, auf welche verwiesen wurde, nicht derjenige, der \u00fcber Links auf die jeweilige Ver\u00f6ffentlichung lediglich verweist.<\/p>\n<p>&nbsp;<\/p>\n<p>3. Urheber- und Kennzeichenrecht<\/p>\n<p>&nbsp;<\/p>\n<p>Der Autor ist bestrebt, in allen Publikationen die Urheberrechte der verwendeten Grafiken, Tondokumente, Videosequenzen und Texte zu beachten, von ihm selbst erstellte Grafiken, Tondokumente, Videosequenzen und Texte zu nutzen oder auf lizenzfreie Grafiken, Tondokumente, Videosequenzen und Texte zur\u00fcckzugreifen. Alle innerhalb des Internetangebotes genannten und ggf. durch Dritte gesch\u00fctzten Marken- und Warenzeichen unterliegen uneingeschr\u00e4nkt den Bestimmungen des jeweils g\u00fcltigen Kennzeichenrechts und den Besitzrechten der jeweiligen eingetragenen Eigent\u00fcmer. Allein aufgrund der blo\u00dfen Nennung ist nicht der Schlu\u00df zu ziehen, dass Markenzeichen nicht durch Rechte Dritter gesch\u00fctzt sind! Das Copyright f\u00fcr ver\u00f6ffentlichte, vom Autor selbst erstellte Objekte bleibt allein beim Autor der Seiten. Eine Vervielf\u00e4ltigung oder Verwendung solcher Grafiken, Tondokumente, Videosequenzen und Texte in anderen elektronischen oder gedruckten Publikationen ist ohne ausdr\u00fcckliche Zustimmung des Autors nicht gestattet.<\/p>\n<p>&nbsp;<\/p>\n<p>4. Datenschutz<\/p>\n<p>&nbsp;<\/p>\n<p>Alle Infos bzgl. Datenschutz finden sie\u00a0<a href=\"https:\/\/www.fuehrlinger.at\/orthopaedie\/datenschutz\/\">hier<\/a><\/p>\n<p>&nbsp;<\/p>\n<p>5. Rechtswirksamkeit dieses Haftungsausschlusses<\/p>\n<p>&nbsp;<\/p>\n<p>Dieser Haftungsausschluss ist als Teil des Internetangebotes zu betrachten, von dem aus auf diese Seite verwiesen wurde. Sofern Teile oder einzelne Formulierungen dieses Textes der geltenden Rechtslage nicht, nicht mehr oder nicht vollst\u00e4ndig entsprechen sollten, bleiben die \u00fcbrigen Teile des Dokumentes in ihrem Inhalt und ihrer G\u00fcltigkeit davon unber\u00fchrt.[\/vc_column_text][\/vc_column][\/vc_row]<\/p>\n<\/div>","protected":false},"excerpt":{"rendered":"<p>[vc_row el_id=&#8220;topbackgroundwrap&#8220;][vc_column][\/vc_column][\/vc_row][vc_row css_animation=&#8220;fadeInRight&#8220; el_class=&#8220;headline slimrow&#8220;][vc_column][vc_empty_space height=&#8220;120px&#8220; el_class=&#8220;mobilehide&#8220;][vc_column_text] Impressum [\/vc_column_text][vc_empty_space height=&#8220;90px&#8220; el_class=&#8220;mobilehide&#8220;][\/vc_column][\/vc_row][vc_row css_animation=&#8220;fadeInUp&#8220; el_class=&#8220;slimrow&#8220; css=&#8220;.vc_custom_1487602318494{background-color: #ffffff !important;}&#8220;][vc_column][vc_column_text] Inhaber der Website und des Unternehmens: Klaus F\u00fchrlinger &nbsp; Adresse: Waxenberger Stra\u00dfe 1; 4181 Oberneukirchen &nbsp; Rechnungsadresse: Orthop\u00e4die-Schuhtechnik F\u00fchrlinger e. U. Waxenberger Stra\u00dfe 1 4181 Oberneukirchen &nbsp; Telefon: +43 7212 7481, Fax +43 7212 7481-4 &nbsp; eMail: ortho(at)fuehrlinger.at &nbsp;<a class=\"excerpt-read-more\" href=\"https:\/\/www.fuehrlinger.at\/orthopaedie\/impressum\/\" title=\"ReadImpressum\">&#8230; Read more &raquo;<\/a><\/p>\n","protected":false},"author":1,"featured_media":0,"parent":0,"menu_order":0,"comment_status":"closed","ping_status":"closed","template":"","meta":{"footnotes":""},"class_list":["post-23","page","type-page","status-publish","hentry"],"_links":{"self":[{"href":"https:\/\/www.fuehrlinger.at\/orthopaedie\/wp-json\/wp\/v2\/pages\/23","targetHints":{"allow":["GET"]}}],"collection":[{"href":"https:\/\/www.fuehrlinger.at\/orthopaedie\/wp-json\/wp\/v2\/pages"}],"about":[{"href":"https:\/\/www.fuehrlinger.at\/orthopaedie\/wp-json\/wp\/v2\/types\/page"}],"author":[{"embeddable":true,"href":"https:\/\/www.fuehrlinger.at\/orthopaedie\/wp-json\/wp\/v2\/users\/1"}],"replies":[{"embeddable":true,"href":"https:\/\/www.fuehrlinger.at\/orthopaedie\/wp-json\/wp\/v2\/comments?post=23"}],"version-history":[{"count":24,"href":"https:\/\/www.fuehrlinger.at\/orthopaedie\/wp-json\/wp\/v2\/pages\/23\/revisions"}],"predecessor-version":[{"id":1205,"href":"https:\/\/www.fuehrlinger.at\/orthopaedie\/wp-json\/wp\/v2\/pages\/23\/revisions\/1205"}],"wp:attachment":[{"href":"https:\/\/www.fuehrlinger.at\/orthopaedie\/wp-json\/wp\/v2\/media?parent=23"}],"curies":[{"name":"wp","href":"https:\/\/api.w.org\/{rel}","templated":true}]}}